{"id":1258,"date":"2022-12-28T16:36:54","date_gmt":"2022-12-28T15:36:54","guid":{"rendered":"https:\/\/www.larazza.it\/?post_type=product&#038;p=1258"},"modified":"2025-03-11T10:41:13","modified_gmt":"2025-03-11T09:41:13","slug":"miele-coriandolo","status":"publish","type":"product","link":"https:\/\/www.larazza.it\/en\/prodotto\/miele-coriandolo\/","title":{"rendered":"Miele di Coriandolo"},"content":{"rendered":"<p><strong>MIELE DI CORIANDOLO<\/strong><\/p>\n<p>Il miele di coriandolo rientra nella famiglia dei\u00a0mieli rari, viene considerato pregiato, poich\u00e9 il nettare del coriandolo \u00e8 fortemente influenzato dalle condizioni meteorologiche e talvolta pu\u00f2 produrne a intervalli anche distanti tra loro.<br \/>\nIl miele di coriandolo presenta note aromatiche prevalentemente dolci e arricchito dalla presenza di un retrogusto leggermente speziato. Questo miele crea un insolito equilibrio tra il dolce e il salato. All\u2019odore ricorda aromi dolci simili cocco con alcune note balsamiche molto fresche.<br \/>\nHa una cristallizzazione mediamente veloce.<\/p>\n<p><em>Oltre all\u2019utilizzo per addolcire caff\u00e8 e tisane viene usato per preparazioni di piatti contenenti manzo e il pollo, i cui sapori si sposano davvero benissimo.<\/em><\/p>\n","protected":false},"excerpt":{"rendered":"<p>MIELE DI CORIANDOLO Il miele di coriandolo rientra nella famiglia dei\u00a0mieli rari, viene considerato pregiato, poich\u00e9 il nettare del coriandolo \u00e8 fortemente influenzato dalle condizioni meteorologiche e talvolta pu\u00f2 <a href=\"https:\/\/www.larazza.it\/en\/prodotto\/miele-coriandolo\/\"> &#8230;<\/a><\/p>\n","protected":false},"featured_media":1262,"template":"","meta":[],"product_brand":[],"product_cat":[22],"product_tag":[],"class_list":{"0":"post-1258","1":"product","2":"type-product","3":"status-publish","4":"has-post-thumbnail","6":"product_cat-miele","8":"first","9":"instock","10":"taxable","11":"shipping-taxable","12":"purchasable","13":"product-type-variable","14":"has-default-attributes"},"_links":{"self":[{"href":"https:\/\/www.larazza.it\/en\/wp-json\/wp\/v2\/product\/1258","targetHints":{"allow":["GET"]}}],"collection":[{"href":"https:\/\/www.larazza.it\/en\/wp-json\/wp\/v2\/product"}],"about":[{"href":"https:\/\/www.larazza.it\/en\/wp-json\/wp\/v2\/types\/product"}],"wp:featuredmedia":[{"embeddable":true,"href":"https:\/\/www.larazza.it\/en\/wp-json\/wp\/v2\/media\/1262"}],"wp:attachment":[{"href":"https:\/\/www.larazza.it\/en\/wp-json\/wp\/v2\/media?parent=1258"}],"wp:term":[{"taxonomy":"product_brand","embeddable":true,"href":"https:\/\/www.larazza.it\/en\/wp-json\/wp\/v2\/product_brand?post=1258"},{"taxonomy":"product_cat","embeddable":true,"href":"https:\/\/www.larazza.it\/en\/wp-json\/wp\/v2\/product_cat?post=1258"},{"taxonomy":"product_tag","embeddable":true,"href":"https:\/\/www.larazza.it\/en\/wp-json\/wp\/v2\/product_tag?post=1258"}],"curies":[{"name":"wp","href":"https:\/\/api.w.org\/{rel}","templated":true}]}}