{"id":2993,"date":"2023-01-20T15:58:32","date_gmt":"2023-01-20T14:58:32","guid":{"rendered":"https:\/\/www.larazza.it\/le-terme\/"},"modified":"2023-01-20T15:58:32","modified_gmt":"2023-01-20T14:58:32","slug":"le-terme","status":"publish","type":"page","link":"https:\/\/www.larazza.it\/en\/activities\/territory\/le-terme\/","title":{"rendered":"Le Terme"},"content":{"rendered":"<div class=\"fusion-fullwidth fullwidth-box fusion-builder-row-1 fusion-flex-container has-pattern-background has-mask-background nonhundred-percent-fullwidth non-hundred-percent-height-scrolling\" style=\"--awb-border-radius-top-left:0px;--awb-border-radius-top-right:0px;--awb-border-radius-bottom-right:0px;--awb-border-radius-bottom-left:0px;--awb-padding-right:0px;--awb-padding-left:0px;--awb-flex-wrap:wrap;\" ><div class=\"fusion-builder-row fusion-row fusion-flex-align-items-flex-start fusion-flex-content-wrap\" style=\"max-width:1248px;margin-left: calc(-4% \/ 2 );margin-right: calc(-4% \/ 2 );\"><div class=\"fusion-layout-column fusion_builder_column fusion-builder-column-0 fusion_builder_column_1_1 1_1 fusion-flex-column\" style=\"--awb-bg-size:cover;--awb-width-large:100%;--awb-margin-top-large:0px;--awb-spacing-right-large:1.92%;--awb-margin-bottom-large:20px;--awb-spacing-left-large:1.92%;--awb-width-medium:100%;--awb-order-medium:0;--awb-spacing-right-medium:1.92%;--awb-spacing-left-medium:1.92%;--awb-width-small:100%;--awb-order-small:0;--awb-spacing-right-small:1.92%;--awb-spacing-left-small:1.92%;\"><div class=\"fusion-column-wrapper fusion-column-has-shadow fusion-flex-justify-content-flex-start fusion-content-layout-column\"><div class=\"fusion-image-element \" style=\"--awb-margin-bottom:2em;--awb-caption-title-font-family:var(--h2_typography-font-family);--awb-caption-title-font-weight:var(--h2_typography-font-weight);--awb-caption-title-font-style:var(--h2_typography-font-style);--awb-caption-title-size:var(--h2_typography-font-size);--awb-caption-title-transform:var(--h2_typography-text-transform);--awb-caption-title-line-height:var(--h2_typography-line-height);--awb-caption-title-letter-spacing:var(--h2_typography-letter-spacing);\"><span class=\" fusion-imageframe imageframe-none imageframe-1 hover-type-none\"><img decoding=\"async\" width=\"1920\" height=\"1284\" title=\"salsomaggiore\" src=\"https:\/\/www.larazza.it\/wp-content\/uploads\/2023\/01\/salsomaggiore.jpg\" alt class=\"img-responsive wp-image-2916\" srcset=\"https:\/\/www.larazza.it\/wp-content\/uploads\/2023\/01\/salsomaggiore-200x134.jpg 200w, https:\/\/www.larazza.it\/wp-content\/uploads\/2023\/01\/salsomaggiore-400x268.jpg 400w, https:\/\/www.larazza.it\/wp-content\/uploads\/2023\/01\/salsomaggiore-600x401.jpg 600w, https:\/\/www.larazza.it\/wp-content\/uploads\/2023\/01\/salsomaggiore-800x535.jpg 800w, https:\/\/www.larazza.it\/wp-content\/uploads\/2023\/01\/salsomaggiore-1200x803.jpg 1200w, https:\/\/www.larazza.it\/wp-content\/uploads\/2023\/01\/salsomaggiore.jpg 1920w\" sizes=\"(max-width: 640px) 100vw, 1200px\" \/><\/span><\/div><div class=\"fusion-text fusion-text-1\"><p>L\u2019Emilia \u00e8 terra di terme. Si possono contare nella intera regione oltre venti stabilimenti.<\/p>\n<p>Tra i pi\u00f9 noti la vicina Salsomaggiore, in cui tutti in tanti anni si sono tenute le finali di Miss Italia. Le Terme di Salvarola e le Terme di Monticelli, rispettivamente ad est ed a ovest dalla citt\u00e0 e a pochi minuti d\u2019auto, sono all\u2019avanguardia nei trattamenti del corpo e del benessere. Acque termali a diverse temperature, saune e bagni turchi, maschere di fanghi per i trattamenti cutanei e massaggi di tutti i tipi, sono alcuni dei tanti servizi che entrambe offrono alla clientela. A Salvarola \u00e8 possibile inoltre eseguire trattamenti di vinoterapia, immersi in vasche di mosto d\u2019uva e vinacce di uve locali, all\u2019insegna di un benessere sempre pi\u00f9 semplice e vicino alla natura.<\/p>\n<p>Reggio Emilia \u00e8 anche la citt\u00e0 che in Italia ha il pi\u00f9 alto numero di palestre e centri fitness in relazione al numero di abitanti. Attrezzatissime queste strutture propongono le attivit\u00e0 pi\u00f9 svariate, dall\u2019 aerobica allo spinning, dal body building all\u2019acquagym, per proseguire in una serie interminabile di proposte.<\/p>\n<\/div><\/div><\/div><\/div><\/div>\n","protected":false},"excerpt":{"rendered":"","protected":false},"author":1,"featured_media":0,"parent":3014,"menu_order":11,"comment_status":"closed","ping_status":"closed","template":"100-width.php","meta":{"footnotes":""},"class_list":["post-2993","page","type-page","status-publish","hentry"],"_links":{"self":[{"href":"https:\/\/www.larazza.it\/en\/wp-json\/wp\/v2\/pages\/2993","targetHints":{"allow":["GET"]}}],"collection":[{"href":"https:\/\/www.larazza.it\/en\/wp-json\/wp\/v2\/pages"}],"about":[{"href":"https:\/\/www.larazza.it\/en\/wp-json\/wp\/v2\/types\/page"}],"author":[{"embeddable":true,"href":"https:\/\/www.larazza.it\/en\/wp-json\/wp\/v2\/users\/1"}],"replies":[{"embeddable":true,"href":"https:\/\/www.larazza.it\/en\/wp-json\/wp\/v2\/comments?post=2993"}],"version-history":[{"count":0,"href":"https:\/\/www.larazza.it\/en\/wp-json\/wp\/v2\/pages\/2993\/revisions"}],"up":[{"embeddable":true,"href":"https:\/\/www.larazza.it\/en\/wp-json\/wp\/v2\/pages\/3014"}],"wp:attachment":[{"href":"https:\/\/www.larazza.it\/en\/wp-json\/wp\/v2\/media?parent=2993"}],"curies":[{"name":"wp","href":"https:\/\/api.w.org\/{rel}","templated":true}]}}