{"id":2988,"date":"2023-01-20T16:38:39","date_gmt":"2023-01-20T15:38:39","guid":{"rendered":"https:\/\/www.larazza.it\/le-citta-ducali-di-parma-modena-e-mantova\/"},"modified":"2023-01-20T16:38:39","modified_gmt":"2023-01-20T15:38:39","slug":"le-citta-ducali-di-parma-modena-e-mantova","status":"publish","type":"page","link":"https:\/\/www.larazza.it\/en\/activities\/territory\/le-citta-ducali-di-parma-modena-e-mantova\/","title":{"rendered":"Le citt\u00e0 ducali di Parma, Modena e Mantova"},"content":{"rendered":"<div class=\"fusion-fullwidth fullwidth-box fusion-builder-row-1 fusion-flex-container has-pattern-background has-mask-background nonhundred-percent-fullwidth non-hundred-percent-height-scrolling\" style=\"--awb-border-radius-top-left:0px;--awb-border-radius-top-right:0px;--awb-border-radius-bottom-right:0px;--awb-border-radius-bottom-left:0px;--awb-flex-wrap:wrap;\" ><div class=\"fusion-builder-row fusion-row fusion-flex-align-items-flex-start fusion-flex-content-wrap\" style=\"max-width:1248px;margin-left: calc(-4% \/ 2 );margin-right: calc(-4% \/ 2 );\"><div class=\"fusion-layout-column fusion_builder_column fusion-builder-column-0 fusion_builder_column_1_1 1_1 fusion-flex-column\" style=\"--awb-bg-size:cover;--awb-width-large:100%;--awb-margin-top-large:0px;--awb-spacing-right-large:1.92%;--awb-margin-bottom-large:20px;--awb-spacing-left-large:1.92%;--awb-width-medium:100%;--awb-order-medium:0;--awb-spacing-right-medium:1.92%;--awb-spacing-left-medium:1.92%;--awb-width-small:100%;--awb-order-small:0;--awb-spacing-right-small:1.92%;--awb-spacing-left-small:1.92%;\"><div class=\"fusion-column-wrapper fusion-column-has-shadow fusion-flex-justify-content-flex-start fusion-content-layout-column\"><div class=\"fusion-text fusion-text-1\"><p>La regione Emilia Romagna racchiude due caratteri molto diversi tra loro, derivanti da vicende storiche nettamente distinte. Da una parte la Romagna, protesa verso il mare, ultimo baluardo verso il nord dei regni pontifici, caratterizzata dalla coltivazione di ortaggi e frutta e dalla pratica dei pascoli di ovini e caprini; dall\u2019altra l\u2019Emilia, profondamente radicata alla terra, la cui cultura \u00e8 impregnata di tradizioni celtiche e longobarde, dedite all\u2019allevamento di animali stanziali quali suini e bovini.<\/p>\n<p>Da Piacenza e Bologna, con l\u2019ala ferrarese, le varie province ed i rispettivi capoluoghi sembrano tanti soldatini allineati lungo la principale via di comunicazione terrestre (quella fluviale \u00e8 il fiume Po), la via Emilia, appunto. Reggio Emilia \u00e8 il baricentro di quest\u2019area, che comprende il pi\u00f9 alto numero di prodotti tipici di qualit\u00e0 d\u2019Italia e d\u2019Europa, Dogc, Doc, Dop, Igp, Igt. Le varie citt\u00e0 sono state sedi di ducati importanti ed ancora oggi costituiscono una occasione di escursioni giornaliere alla loro scoperta.<\/p>\n<p>Da Reggio Emilia in meno di un\u2019ora d\u2019auto si raggiungono le citt\u00e0 di Modena (25 km), Parma (30 km) e Mantova (45 km), quest\u2019ultima lombarda di ubicazione ma emiliana d\u2019animo.<strong>\u00a0<\/strong><\/p>\n<p><strong>Parma<\/strong><\/p>\n<p>Il vigore padano dell\u2019architettura, la cucina di sapori schietti e ricchi, il tratto cordiale; ciascuna poi trae individualit\u00e0 dalla storia. Parma ne rivela significativi brani nei monumenti medievali cui lavor\u00f2 l\u2019Antelami e nelle delizie pittoriche del reggiano Correggio. \u00c8\u00a0poi di orecchio esperto per la musica lirica e il canto, per finezza di cultura, ma soprattutto ducale per tre secoli prima dell\u2019Unit\u00e0, delle dinastie farnesiana a borbonica con la parentesi di quella che i parmensi citano, con affettuosa civetteria, come \u201cla nostra Maria Luigia\u201d, moglie di Napoleone e quindi mantiene il tono, l\u2019atmosfera, la qualit\u00e0 della vita di una piccola capitale europea. Parma, citt\u00e0 di aristocratiche tradizioni culturali e citt\u00e0 natale di illustri musicisti e compositori come Toscanini e Verdi, vanta un centro storico con monumenti di particolare rilievo, dal romanico al liberty e tanto per fare qualche esempio citiamo il palazzo vescovile, il Duomo del XI secolo con l\u2019attiguo Battistero, il teatro Regio, il palazzo della Pilotta con il Teatro Farnese, ecc.<\/p>\n<\/div><div class=\"fusion-image-element \" style=\"--awb-margin-top:2em;--awb-margin-bottom:2em;--awb-caption-title-font-family:var(--h2_typography-font-family);--awb-caption-title-font-weight:var(--h2_typography-font-weight);--awb-caption-title-font-style:var(--h2_typography-font-style);--awb-caption-title-size:var(--h2_typography-font-size);--awb-caption-title-transform:var(--h2_typography-text-transform);--awb-caption-title-line-height:var(--h2_typography-line-height);--awb-caption-title-letter-spacing:var(--h2_typography-letter-spacing);\"><span class=\" fusion-imageframe imageframe-none imageframe-1 hover-type-none\"><img decoding=\"async\" width=\"1920\" height=\"1080\" title=\"parma (1)\" src=\"https:\/\/www.larazza.it\/wp-content\/uploads\/2023\/01\/parma-1.jpg\" alt class=\"img-responsive wp-image-2921\" srcset=\"https:\/\/www.larazza.it\/wp-content\/uploads\/2023\/01\/parma-1-200x113.jpg 200w, https:\/\/www.larazza.it\/wp-content\/uploads\/2023\/01\/parma-1-400x225.jpg 400w, https:\/\/www.larazza.it\/wp-content\/uploads\/2023\/01\/parma-1-600x338.jpg 600w, https:\/\/www.larazza.it\/wp-content\/uploads\/2023\/01\/parma-1-800x450.jpg 800w, https:\/\/www.larazza.it\/wp-content\/uploads\/2023\/01\/parma-1-1200x675.jpg 1200w, https:\/\/www.larazza.it\/wp-content\/uploads\/2023\/01\/parma-1.jpg 1920w\" sizes=\"(max-width: 640px) 100vw, 1200px\" \/><\/span><\/div><div class=\"fusion-text fusion-text-2\"><p><strong>Modena<\/strong><\/p>\n<p>\u201cL\u2019immenso oceano dell\u2019orizzonte \u00e8 interrotto, a ponente, soltanto dalle torri di Modena\u201d: Stendhal rimira il paesaggio dalla collina sopra Bologna. Quanto alle torri, dal palazzo Comunale si alza quella dell\u2019Orologio, ma quasi la cancellano gli ottantotto metri della Ghirlandina, arnese guerresco prima che campanile. Nel cuore antico della citt\u00e0, da un lato del Duomo, il capolavoro del romanico padano di Lanfranco e Wiligelmo, l\u2019avvolgersi di curvilinei percorsi medievali tra case a portici, dall\u2019altro la geometricit\u00e0 delle strade estensi. Per gli Este, Modena fu capitale ducale per due secoli e mezzo, dopo la perdita di Ferrara nel 1598. Alla fine del luogo contribuiscono anche il frizzare del lambrusco, tortellini, zampone e la tradizione motoristica sportiva che ha il suo vessillo nelle \u201crosse\u201d Ferrari di Maranello, appena fuori porta.<\/p>\n<\/div><div class=\"fusion-image-element \" style=\"--awb-margin-top:2em;--awb-margin-bottom:2em;--awb-caption-title-font-family:var(--h2_typography-font-family);--awb-caption-title-font-weight:var(--h2_typography-font-weight);--awb-caption-title-font-style:var(--h2_typography-font-style);--awb-caption-title-size:var(--h2_typography-font-size);--awb-caption-title-transform:var(--h2_typography-text-transform);--awb-caption-title-line-height:var(--h2_typography-line-height);--awb-caption-title-letter-spacing:var(--h2_typography-letter-spacing);\"><span class=\" fusion-imageframe imageframe-none imageframe-2 hover-type-none\"><img decoding=\"async\" width=\"1920\" height=\"1408\" title=\"MODENA-768&#215;575 (1)\" src=\"https:\/\/www.larazza.it\/wp-content\/uploads\/2023\/01\/MODENA-768x575-1.jpg\" alt class=\"img-responsive wp-image-2922\" srcset=\"https:\/\/www.larazza.it\/wp-content\/uploads\/2023\/01\/MODENA-768x575-1-200x147.jpg 200w, https:\/\/www.larazza.it\/wp-content\/uploads\/2023\/01\/MODENA-768x575-1-400x293.jpg 400w, https:\/\/www.larazza.it\/wp-content\/uploads\/2023\/01\/MODENA-768x575-1-600x440.jpg 600w, https:\/\/www.larazza.it\/wp-content\/uploads\/2023\/01\/MODENA-768x575-1-800x587.jpg 800w, https:\/\/www.larazza.it\/wp-content\/uploads\/2023\/01\/MODENA-768x575-1-1200x880.jpg 1200w, https:\/\/www.larazza.it\/wp-content\/uploads\/2023\/01\/MODENA-768x575-1.jpg 1920w\" sizes=\"(max-width: 640px) 100vw, 1200px\" \/><\/span><\/div><div class=\"fusion-text fusion-text-3\"><p><strong>Mantova<\/strong><\/p>\n<p>Il Mincio indugia intorno alla citt\u00e0, slargandosi nei tre laghi che i due ponti dei Molini e di S. Giorgio separano, per cui vi si arriva, salvo che da sud, come a Venezia, varcando acque e vedendone il profilo specchiato. Intorno \u00e8 la bassa pianura, il Po \u00e8 solo a 12 chilometri. Nel tessuto urbano, tranquille strade, dense tonalit\u00e0, un\u2019uniformante patina neoclassica, da cui tuttavia si staccano incisivi i monumenti del medioevo e, oltre, del rinascimento. E\u2019, come si sa, un\u2019antica \u201ccapitale\u201d dello stato dei Gonzaga, durato quasi quattro secoli, uno di quei luoghi italiani in cui godiamo dei segni del lontano congiungersi di cultura e potere, arte, mecenatismo, splendore, genio, morbido decadere. I laghi han tenuto a distanza gli insediamenti industriali; il legame preminente della citt\u00e0 \u00e8 quello con la terra di una tra le zone agricole pi\u00f9 salde d\u2019Europa. Il centro storico \u00e8 accogliente e attraversando alcune belle piazze come piazza delle Erbe o piazza del Broletto vi si possono rimirare autentiche delizie architettoniche come il palazzo Ducale e il palazzo T\u00e8.<\/p>\n<\/div><div class=\"fusion-image-element \" style=\"--awb-margin-top:2em;--awb-caption-title-font-family:var(--h2_typography-font-family);--awb-caption-title-font-weight:var(--h2_typography-font-weight);--awb-caption-title-font-style:var(--h2_typography-font-style);--awb-caption-title-size:var(--h2_typography-font-size);--awb-caption-title-transform:var(--h2_typography-text-transform);--awb-caption-title-line-height:var(--h2_typography-line-height);--awb-caption-title-letter-spacing:var(--h2_typography-letter-spacing);\"><span class=\" fusion-imageframe imageframe-none imageframe-3 hover-type-none\"><img decoding=\"async\" width=\"1920\" height=\"1280\" title=\"Mantova (1)\" src=\"https:\/\/www.larazza.it\/wp-content\/uploads\/2023\/01\/Mantova-1.jpg\" alt class=\"img-responsive wp-image-2923\" srcset=\"https:\/\/www.larazza.it\/wp-content\/uploads\/2023\/01\/Mantova-1-200x133.jpg 200w, https:\/\/www.larazza.it\/wp-content\/uploads\/2023\/01\/Mantova-1-400x267.jpg 400w, https:\/\/www.larazza.it\/wp-content\/uploads\/2023\/01\/Mantova-1-600x400.jpg 600w, https:\/\/www.larazza.it\/wp-content\/uploads\/2023\/01\/Mantova-1-800x533.jpg 800w, https:\/\/www.larazza.it\/wp-content\/uploads\/2023\/01\/Mantova-1-1200x800.jpg 1200w, https:\/\/www.larazza.it\/wp-content\/uploads\/2023\/01\/Mantova-1.jpg 1920w\" sizes=\"(max-width: 640px) 100vw, 1200px\" \/><\/span><\/div><\/div><\/div><\/div><\/div>\n","protected":false},"excerpt":{"rendered":"","protected":false},"author":1,"featured_media":0,"parent":3014,"menu_order":16,"comment_status":"closed","ping_status":"closed","template":"100-width.php","meta":{"footnotes":""},"class_list":["post-2988","page","type-page","status-publish","hentry"],"_links":{"self":[{"href":"https:\/\/www.larazza.it\/en\/wp-json\/wp\/v2\/pages\/2988","targetHints":{"allow":["GET"]}}],"collection":[{"href":"https:\/\/www.larazza.it\/en\/wp-json\/wp\/v2\/pages"}],"about":[{"href":"https:\/\/www.larazza.it\/en\/wp-json\/wp\/v2\/types\/page"}],"author":[{"embeddable":true,"href":"https:\/\/www.larazza.it\/en\/wp-json\/wp\/v2\/users\/1"}],"replies":[{"embeddable":true,"href":"https:\/\/www.larazza.it\/en\/wp-json\/wp\/v2\/comments?post=2988"}],"version-history":[{"count":0,"href":"https:\/\/www.larazza.it\/en\/wp-json\/wp\/v2\/pages\/2988\/revisions"}],"up":[{"embeddable":true,"href":"https:\/\/www.larazza.it\/en\/wp-json\/wp\/v2\/pages\/3014"}],"wp:attachment":[{"href":"https:\/\/www.larazza.it\/en\/wp-json\/wp\/v2\/media?parent=2988"}],"curies":[{"name":"wp","href":"https:\/\/api.w.org\/{rel}","templated":true}]}}