{"id":2984,"date":"2023-01-20T17:02:19","date_gmt":"2023-01-20T16:02:19","guid":{"rendered":"https:\/\/www.larazza.it\/tempi-di-percorrenza\/"},"modified":"2023-01-20T17:02:19","modified_gmt":"2023-01-20T16:02:19","slug":"tempi-di-percorrenza","status":"publish","type":"page","link":"https:\/\/www.larazza.it\/en\/activities\/territory\/tempi-di-percorrenza\/","title":{"rendered":"Tempi di percorrenza"},"content":{"rendered":"<div class=\"fusion-fullwidth fullwidth-box fusion-builder-row-1 fusion-flex-container has-pattern-background has-mask-background nonhundred-percent-fullwidth non-hundred-percent-height-scrolling\" style=\"--awb-border-radius-top-left:0px;--awb-border-radius-top-right:0px;--awb-border-radius-bottom-right:0px;--awb-border-radius-bottom-left:0px;--awb-flex-wrap:wrap;\" ><div class=\"fusion-builder-row fusion-row fusion-flex-align-items-flex-start fusion-flex-content-wrap\" style=\"max-width:1248px;margin-left: calc(-4% \/ 2 );margin-right: calc(-4% \/ 2 );\"><div class=\"fusion-layout-column fusion_builder_column fusion-builder-column-0 fusion_builder_column_1_1 1_1 fusion-flex-column\" style=\"--awb-bg-size:cover;--awb-width-large:100%;--awb-margin-top-large:0px;--awb-spacing-right-large:1.92%;--awb-margin-bottom-large:20px;--awb-spacing-left-large:1.92%;--awb-width-medium:100%;--awb-order-medium:0;--awb-spacing-right-medium:1.92%;--awb-spacing-left-medium:1.92%;--awb-width-small:100%;--awb-order-small:0;--awb-spacing-right-small:1.92%;--awb-spacing-left-small:1.92%;\"><div class=\"fusion-column-wrapper fusion-column-has-shadow fusion-flex-justify-content-flex-start fusion-content-layout-column\"><div class=\"fusion-image-element \" style=\"--awb-margin-bottom:2em;--awb-caption-title-font-family:var(--h2_typography-font-family);--awb-caption-title-font-weight:var(--h2_typography-font-weight);--awb-caption-title-font-style:var(--h2_typography-font-style);--awb-caption-title-size:var(--h2_typography-font-size);--awb-caption-title-transform:var(--h2_typography-text-transform);--awb-caption-title-line-height:var(--h2_typography-line-height);--awb-caption-title-letter-spacing:var(--h2_typography-letter-spacing);\"><span class=\" fusion-imageframe imageframe-none imageframe-1 hover-type-none\"><img decoding=\"async\" width=\"1920\" height=\"1403\" title=\"EMILIA_ROMAGNA_-_ENOGASTRONOMIA\" src=\"https:\/\/www.larazza.it\/wp-content\/uploads\/2023\/01\/EMILIA_ROMAGNA_-_ENOGASTRONOMIA.jpg\" alt class=\"img-responsive wp-image-2928\" srcset=\"https:\/\/www.larazza.it\/wp-content\/uploads\/2023\/01\/EMILIA_ROMAGNA_-_ENOGASTRONOMIA-200x146.jpg 200w, https:\/\/www.larazza.it\/wp-content\/uploads\/2023\/01\/EMILIA_ROMAGNA_-_ENOGASTRONOMIA-400x292.jpg 400w, https:\/\/www.larazza.it\/wp-content\/uploads\/2023\/01\/EMILIA_ROMAGNA_-_ENOGASTRONOMIA-600x438.jpg 600w, https:\/\/www.larazza.it\/wp-content\/uploads\/2023\/01\/EMILIA_ROMAGNA_-_ENOGASTRONOMIA-800x585.jpg 800w, https:\/\/www.larazza.it\/wp-content\/uploads\/2023\/01\/EMILIA_ROMAGNA_-_ENOGASTRONOMIA-1200x877.jpg 1200w, https:\/\/www.larazza.it\/wp-content\/uploads\/2023\/01\/EMILIA_ROMAGNA_-_ENOGASTRONOMIA.jpg 1920w\" sizes=\"(max-width: 640px) 100vw, 1200px\" \/><\/span><\/div><div class=\"fusion-text fusion-text-1\"><p>Reggio nell\u2019Emilia \u00e8 il nome della nostra citt\u00e0.<\/p>\n<p>Non a caso nel nome stesso viene indicato dove siamo localizzati, nell\u2019Emilia, regione di gente laboriosa ed appassionata, dove sono presenti il mare, le montagne, il grande fiume, le citt\u00e0 d\u2019arte ed i borghi storici, il buon vivere e la grande cucina di quella che \u00e8 definita la Food Valley. Terra di motori, di alta tecnologia e tradizioni millenarie con una agricoltura ai massimi livelli.<\/p>\n<p>Ideale centro di congiunzione e passaggio obbligato tra il nord ed il resto dello stivale siamo una vera e\u00a0propria\u00a0\u201cregione di mezzo\u201d<\/p>\n<p>Noi siamo l\u00ec, nel bel mezzo di questa splendida regione. Se consideriamo Piacenza che per coltura e tradizione volge gi\u00e0 lo sguardo a Milano ed alla Lombardia, se consideriamo che Ferrara \u00e8 piuttosto decentrata ed ha influenze rovigotte del Delta del Po, se consideriamo che il nostro stesso capoluogo di regione, Bologna ha nella sua parte orientale diverse\u00a0\u201ccontaminazioni\u201d romagnole, allora l\u2019Emilia tenace \u00e8 qui!<\/p>\n<p>Da noi si possono raggiungere tante mete interessanti con veloci trasferte in giornata per poi rilassarsi di nuovo presso la nostra struttura.<\/p>\n<p>Di seguito ve ne proponiamo alcune, suddivise per tempi di percorrenza in auto con partenza dalla Razza.<\/p>\n<p>Buon viaggio!!<\/p>\n<p><strong>Entro i 30 minuti<\/strong>:<\/p>\n<p>Reggio Emilia citt\u00e0 (a 15 minuti di bicicletta attraverso le ciclabili)<\/p>\n<p>Scandiano con il centro storico e la Rocca dei Boiardo.<\/p>\n<p>Quattro Castella con il castello del Bianello.<\/p>\n<p>Sassuolo ed il Palazzo Ducale.<\/p>\n<p>Montechiarugolo ed il suo castello.<\/p>\n<p>Votigno e la Casa del Tibet.<\/p>\n<p>Canossa e Rossena con i castelli che hanno segnato la storia d\u2019Europa.<\/p>\n<p>Maranello ed il mito della Ferrari.<\/p>\n<p>Correggio con il suo bel centro storico.<\/p>\n<p><strong>Entro 1 ora<\/strong>:<\/p>\n<p>Carpi con la magnifica piazza ed il Palazzio Pio.<\/p>\n<p>Brescello, sulle orme di Don Camillo e Peppone.<\/p>\n<p>Torrechiara, il pi\u00f9 bel castello dell\u2019Emilia.<\/p>\n<p>Carpineti con il castello matildico.<\/p>\n<p>Guastalla, il Lido Po ed il bel centro storico.<\/p>\n<p>Parma, la nobile.<\/p>\n<p>La Pietra di Bismantova, montagna simbolo dell\u2019appennino reggiano, citata anche da Dante nel Purgatorio.<\/p>\n<p>Modena, con la\u00a0vivace Piazza Grande e\u00a0lo splendido Duomo romanico.<\/p>\n<p>Colorno, la piccola capitale della bassa parmense, con la reggia rinascimentale.<\/p>\n<p>Sabbioneta, la citt\u00e0 ideale del rinascimento italiano.<\/p>\n<p>Mantova con il bel centro storico affacciato sul Mincio.<\/p>\n<p>Busseto, citt\u00e0 natale di Giuseppe Verdi, dove l\u2019opera la fa da padrone.<\/p>\n<p>Bologna, la grassa, la rossa e la dotta.<\/p>\n<p>Gli outlet di Fidenza e di Mantova, per uno shopping\u00a0selvaggio.<\/p>\n<p>Cerwood, il Parco Avventura per emozioni forti.<\/p>\n<p><strong>Entro 1 ora e mezza<\/strong>:<\/p>\n<p>Castellarquato e il suo\u00a0bellissimo centro storico.<\/p>\n<p>L\u2019outlet di Castelguelfo per un ennesimo shopping.<\/p>\n<p>La citt\u00e0 di Cremona ed il Torrazzo<\/p>\n<p>La citt\u00e0 di Ferrara ed il suo bellissimo castello estense.<\/p>\n<p>Verona e l\u2019Arena.<\/p>\n<p>Bardolino e Sirmione sul Lago di Garda.<\/p>\n<p>Inoltre per chi viene da molto lontano, alcune delle pi\u00f9 note mete italiane come le Cinque Terre, la Versilia, Firenze, la Romagna, Venezia, sono raggiungibili in poco pi\u00f9 di due ore.<\/p>\n<\/div><\/div><\/div><\/div><\/div>\n","protected":false},"excerpt":{"rendered":"","protected":false},"author":1,"featured_media":0,"parent":3014,"menu_order":20,"comment_status":"closed","ping_status":"closed","template":"100-width.php","meta":{"footnotes":""},"class_list":["post-2984","page","type-page","status-publish","hentry"],"_links":{"self":[{"href":"https:\/\/www.larazza.it\/en\/wp-json\/wp\/v2\/pages\/2984","targetHints":{"allow":["GET"]}}],"collection":[{"href":"https:\/\/www.larazza.it\/en\/wp-json\/wp\/v2\/pages"}],"about":[{"href":"https:\/\/www.larazza.it\/en\/wp-json\/wp\/v2\/types\/page"}],"author":[{"embeddable":true,"href":"https:\/\/www.larazza.it\/en\/wp-json\/wp\/v2\/users\/1"}],"replies":[{"embeddable":true,"href":"https:\/\/www.larazza.it\/en\/wp-json\/wp\/v2\/comments?post=2984"}],"version-history":[{"count":0,"href":"https:\/\/www.larazza.it\/en\/wp-json\/wp\/v2\/pages\/2984\/revisions"}],"up":[{"embeddable":true,"href":"https:\/\/www.larazza.it\/en\/wp-json\/wp\/v2\/pages\/3014"}],"wp:attachment":[{"href":"https:\/\/www.larazza.it\/en\/wp-json\/wp\/v2\/media?parent=2984"}],"curies":[{"name":"wp","href":"https:\/\/api.w.org\/{rel}","templated":true}]}}